{"id":472,"date":"2023-10-16T14:48:35","date_gmt":"2023-10-16T12:48:35","guid":{"rendered":"http:\/\/www.molinosimsa.cu\/?page_id=472"},"modified":"2023-10-16T14:53:56","modified_gmt":"2023-10-16T12:53:56","slug":"quienes-somos","status":"publish","type":"page","link":"https:\/\/www.molinosimsa.cu\/index.php\/quienes-somos\/","title":{"rendered":"Quienes Somos"},"content":{"rendered":"\n<p>Somos una empresa mixta surgida por la alianza entre la Corporaci\u00f3n Alimentaria S.A. de Cuba, CORALSA e IMEX S.A. de C.V., entidad con capital mexicano perteneciente al Grupo Altex S.A., que actuamos con una perspectiva com\u00fan de compromiso permanente de mejoramiento.<\/p>\n\n\n\n<p>Nos dedicamos a la fabricaci\u00f3n y comercializaci\u00f3n de harinas, premezclas de harina y s\u00e9molas de trigo, apegada a las normas de calidad.<\/p>\n\n\n\n<p>Contamos con equipamiento de alto nivel tecnol\u00f3gico para la molienda de cereales y un parque automotor propio que garantiza una parte importante de la distribuci\u00f3n de las mercanc\u00edas.<\/p>\n\n\n\n<p>Poseemos una cartera de productos con amplio posicionamiento a nivel nacional y marcas con reconocimiento.<\/p>\n\n\n\n<p>Trabajamos por la satisfacci\u00f3n plena de nuestros clientes y consumidores, as\u00ed como por el bienestar y motivaci\u00f3n de nuestros colaboradores.<\/p>\n\n\n\n<p>Nos distingue ser un colectivo responsable, con sentido de pertenencia, enfocado a la capacitaci\u00f3n y autoprepraci\u00f3n con capacidad de asumir retos.<\/p>\n","protected":false},"excerpt":{"rendered":"<p>Somos una empresa mixta surgida por la alianza entre la Corporaci\u00f3n Alimentaria S.A. de Cuba, CORALSA e IMEX S.A. de C.V., entidad con capital mexicano perteneciente al Grupo Altex S.A., que actuamos con una perspectiva com\u00fan de compromiso permanente de mejoramiento. Nos dedicamos a la fabricaci\u00f3n y comercializaci\u00f3n de harinas, premezclas de harina y s\u00e9molas &hellip;<\/p>\n<p class=\"read-more\"> <a class=\"\" href=\"https:\/\/www.molinosimsa.cu\/index.php\/quienes-somos\/\"> <span class=\"screen-reader-text\">Quienes Somos<\/span> Read More &raquo;<\/a><\/p>\n","protected":false},"author":1,"featured_media":0,"parent":0,"menu_order":0,"comment_status":"closed","ping_status":"closed","template":"","meta":{"inline_featured_image":false,"site-sidebar-layout":"default","site-content-layout":"default","ast-global-header-display":"","ast-banner-title-visibility":"","ast-main-header-display":"","ast-hfb-above-header-display":"","ast-hfb-below-header-display":"","ast-hfb-mobile-header-display":"","site-post-title":"","ast-breadcrumbs-content":"","ast-featured-img":"","footer-sml-layout":"","theme-transparent-header-meta":"","adv-header-id-meta":"","stick-header-meta":"","header-above-stick-meta":"","header-main-stick-meta":"","header-below-stick-meta":""},"_links":{"self":[{"href":"https:\/\/www.molinosimsa.cu\/index.php\/wp-json\/wp\/v2\/pages\/472"}],"collection":[{"href":"https:\/\/www.molinosimsa.cu\/index.php\/wp-json\/wp\/v2\/pages"}],"about":[{"href":"https:\/\/www.molinosimsa.cu\/index.php\/wp-json\/wp\/v2\/types\/page"}],"author":[{"embeddable":true,"href":"https:\/\/www.molinosimsa.cu\/index.php\/wp-json\/wp\/v2\/users\/1"}],"replies":[{"embeddable":true,"href":"https:\/\/www.molinosimsa.cu\/index.php\/wp-json\/wp\/v2\/comments?post=472"}],"version-history":[{"count":2,"href":"https:\/\/www.molinosimsa.cu\/index.php\/wp-json\/wp\/v2\/pages\/472\/revisions"}],"predecessor-version":[{"id":483,"href":"https:\/\/www.molinosimsa.cu\/index.php\/wp-json\/wp\/v2\/pages\/472\/revisions\/483"}],"wp:attachment":[{"href":"https:\/\/www.molinosimsa.cu\/index.php\/wp-json\/wp\/v2\/media?parent=472"}],"curies":[{"name":"wp","href":"https:\/\/api.w.org\/{rel}","templated":true}]}}